{"id":292,"date":"2026-04-15T08:57:39","date_gmt":"2026-04-15T08:57:39","guid":{"rendered":"https:\/\/concept-carrosserie.com\/?page_id=292"},"modified":"2026-04-15T10:10:12","modified_gmt":"2026-04-15T10:10:12","slug":"conciergerie-automobile","status":"publish","type":"page","link":"https:\/\/concept-carrosserie.com\/index.php\/conciergerie-automobile\/","title":{"rendered":"Conciergerie automobile"},"content":{"rendered":"\t\t<div data-elementor-type=\"wp-page\" data-elementor-id=\"292\" class=\"elementor elementor-292\" data-elementor-post-type=\"page\">\n\t\t\t\t<div class=\"elementor-element elementor-element-91a425b e-flex e-con-boxed e-con e-parent\" data-id=\"91a425b\" data-element_type=\"container\" data-settings=\"{&quot;background_background&quot;:&quot;classic&quot;}\">\n\t\t\t\t\t<div class=\"e-con-inner\">\n\t\t<div class=\"elementor-element elementor-element-9850f22 e-con-full e-flex e-con e-child\" data-id=\"9850f22\" data-element_type=\"container\">\n\t\t\t\t<div class=\"elementor-element elementor-element-d75ecd5 elementor-widget__width-initial elementor-invisible elementor-widget elementor-widget-heading\" data-id=\"d75ecd5\" data-element_type=\"widget\" data-settings=\"{&quot;_animation_delay&quot;:250,&quot;_animation&quot;:&quot;fadeInUp&quot;}\" data-widget_type=\"heading.default\">\n\t\t\t\t\t<h1 class=\"elementor-heading-title elementor-size-default\">Conciergerie automobile<\/h1>\t\t\t\t<\/div>\n\t\t<div class=\"elementor-element elementor-element-2fb3539 e-con-full e-flex elementor-invisible e-con e-child\" data-id=\"2fb3539\" data-element_type=\"container\" data-settings=\"{&quot;animation_delay&quot;:750,&quot;animation&quot;:&quot;fadeInUp&quot;}\">\n\t\t\t\t<div class=\"elementor-element elementor-element-989aea7 elementor-widget elementor-widget-button\" data-id=\"989aea7\" data-element_type=\"widget\" data-widget_type=\"button.default\">\n\t\t\t\t\t\t\t\t\t\t<a class=\"elementor-button elementor-button-link elementor-size-sm\" href=\"https:\/\/concept-carrosserie.com\/index.php\/contact\/\">\n\t\t\t\t\t\t<span class=\"elementor-button-content-wrapper\">\n\t\t\t\t\t\t<span class=\"elementor-button-icon\">\n\t\t\t\t<svg aria-hidden=\"true\" class=\"e-font-icon-svg e-fas-angle-right\" viewBox=\"0 0 256 512\" xmlns=\"http:\/\/www.w3.org\/2000\/svg\"><path d=\"M224.3 273l-136 136c-9.4 9.4-24.6 9.4-33.9 0l-22.6-22.6c-9.4-9.4-9.4-24.6 0-33.9l96.4-96.4-96.4-96.4c-9.4-9.4-9.4-24.6 0-33.9L54.3 103c9.4-9.4 24.6-9.4 33.9 0l136 136c9.5 9.4 9.5 24.6.1 34z\"><\/path><\/svg>\t\t\t<\/span>\n\t\t\t\t\t\t\t\t\t<span class=\"elementor-button-text\">Nous contacter<\/span>\n\t\t\t\t\t<\/span>\n\t\t\t\t\t<\/a>\n\t\t\t\t\t\t\t\t<\/div>\n\t\t\t\t<\/div>\n\t\t\t\t<div class=\"elementor-element elementor-element-6444e3e ui-e-layout_5 elementor-widget__width-initial ui-e-h-align-center elementor-widget-mobile__width-inherit elementor-invisible elementor-widget elementor-widget-uicore-testimonial-grid\" data-id=\"6444e3e\" data-element_type=\"widget\" data-settings=\"{&quot;layout&quot;:&quot;layout_5&quot;,&quot;_animation_delay&quot;:1000,&quot;_animation&quot;:&quot;fadeInUp&quot;}\" data-widget_type=\"uicore-testimonial-grid.default\">\n\t\t\t\t\t        <div class=\"ui-e-grid \">\n                            \n        <div class=\"ui-e-wrp swiper-slide\">\n                            <div class=\"ui-e-animations-wrp  \">\n                                <div class=\"ui-e-item\">\n                            <div class=\"ui-e-testimonial-flex\">\n            <div class=\"ui-e-content\">\n\n                                            <div class=\"ui-e-testimonial-rating \">\n                                        <div class=\"ui-e-icon\">\n                            <svg aria-hidden=\"true\" class=\"e-font-icon-svg e-fas-star\" viewBox=\"0 0 576 512\" xmlns=\"http:\/\/www.w3.org\/2000\/svg\"><path d=\"M259.3 17.8L194 150.2 47.9 171.5c-26.2 3.8-36.7 36.1-17.7 54.6l105.7 103-25 145.5c-4.5 26.3 23.2 46 46.4 33.7L288 439.6l130.7 68.7c23.2 12.2 50.9-7.4 46.4-33.7l-25-145.5 105.7-103c19-18.5 8.5-50.8-17.7-54.6L382 150.2 316.7 17.8c-11.7-23.6-45.6-23.9-57.4 0z\"><\/path><\/svg>                        <\/div>\n                                            <div class=\"ui-e-icon\">\n                            <svg aria-hidden=\"true\" class=\"e-font-icon-svg e-fas-star\" viewBox=\"0 0 576 512\" xmlns=\"http:\/\/www.w3.org\/2000\/svg\"><path d=\"M259.3 17.8L194 150.2 47.9 171.5c-26.2 3.8-36.7 36.1-17.7 54.6l105.7 103-25 145.5c-4.5 26.3 23.2 46 46.4 33.7L288 439.6l130.7 68.7c23.2 12.2 50.9-7.4 46.4-33.7l-25-145.5 105.7-103c19-18.5 8.5-50.8-17.7-54.6L382 150.2 316.7 17.8c-11.7-23.6-45.6-23.9-57.4 0z\"><\/path><\/svg>                        <\/div>\n                                            <div class=\"ui-e-icon\">\n                            <svg aria-hidden=\"true\" class=\"e-font-icon-svg e-fas-star\" viewBox=\"0 0 576 512\" xmlns=\"http:\/\/www.w3.org\/2000\/svg\"><path d=\"M259.3 17.8L194 150.2 47.9 171.5c-26.2 3.8-36.7 36.1-17.7 54.6l105.7 103-25 145.5c-4.5 26.3 23.2 46 46.4 33.7L288 439.6l130.7 68.7c23.2 12.2 50.9-7.4 46.4-33.7l-25-145.5 105.7-103c19-18.5 8.5-50.8-17.7-54.6L382 150.2 316.7 17.8c-11.7-23.6-45.6-23.9-57.4 0z\"><\/path><\/svg>                        <\/div>\n                                            <div class=\"ui-e-icon\">\n                            <svg aria-hidden=\"true\" class=\"e-font-icon-svg e-fas-star\" viewBox=\"0 0 576 512\" xmlns=\"http:\/\/www.w3.org\/2000\/svg\"><path d=\"M259.3 17.8L194 150.2 47.9 171.5c-26.2 3.8-36.7 36.1-17.7 54.6l105.7 103-25 145.5c-4.5 26.3 23.2 46 46.4 33.7L288 439.6l130.7 68.7c23.2 12.2 50.9-7.4 46.4-33.7l-25-145.5 105.7-103c19-18.5 8.5-50.8-17.7-54.6L382 150.2 316.7 17.8c-11.7-23.6-45.6-23.9-57.4 0z\"><\/path><\/svg>                        <\/div>\n                                            <div class=\"ui-e-icon\">\n                            <svg aria-hidden=\"true\" class=\"e-font-icon-svg e-fas-star\" viewBox=\"0 0 576 512\" xmlns=\"http:\/\/www.w3.org\/2000\/svg\"><path d=\"M259.3 17.8L194 150.2 47.9 171.5c-26.2 3.8-36.7 36.1-17.7 54.6l105.7 103-25 145.5c-4.5 26.3 23.2 46 46.4 33.7L288 439.6l130.7 68.7c23.2 12.2 50.9-7.4 46.4-33.7l-25-145.5 105.7-103c19-18.5 8.5-50.8-17.7-54.6L382 150.2 316.7 17.8c-11.7-23.6-45.6-23.9-57.4 0z\"><\/path><\/svg>                        <\/div>\n                                <\/div>\n                            <h4 class=\"ui-e-testimonial-name \">\n                <span>+200 clients accompagn\u00e9s<\/span>\n            <\/h4>\n                                    <\/div>\n                    <\/div>\n                    <\/div>\n                                <\/div>\n                    <\/div>\n                        <\/div>\n\t\t\t\t<\/div>\n\t\t\t\t<\/div>\n\t\t\t\t\t<\/div>\n\t\t\t\t<\/div>\n\t\t<div class=\"elementor-element elementor-element-e621576 e-flex e-con-boxed e-con e-parent\" data-id=\"e621576\" data-element_type=\"container\">\n\t\t\t\t\t<div class=\"e-con-inner\">\n\t\t<div class=\"elementor-element elementor-element-1293c26 e-con-full e-flex e-con e-child\" data-id=\"1293c26\" data-element_type=\"container\" data-settings=\"{&quot;background_background&quot;:&quot;classic&quot;}\">\n\t\t<div class=\"elementor-element elementor-element-fdc7fa2 e-con-full e-flex e-con e-child\" data-id=\"fdc7fa2\" data-element_type=\"container\">\n\t\t<div class=\"elementor-element elementor-element-d37f503 e-con-full e-flex e-con e-child\" data-id=\"d37f503\" data-element_type=\"container\">\n\t\t\t\t<div class=\"elementor-element elementor-element-ce2d55f elementor-widget elementor-widget-heading\" data-id=\"ce2d55f\" data-element_type=\"widget\" data-widget_type=\"heading.default\">\n\t\t\t\t\t<h3 class=\"elementor-heading-title elementor-size-default\">Conciergerie automobile<\/h3>\t\t\t\t<\/div>\n\t\t\t\t<div class=\"elementor-element elementor-element-e153f7f elementor-widget elementor-widget-text-editor\" data-id=\"e153f7f\" data-element_type=\"widget\" data-widget_type=\"text-editor.default\">\n\t\t\t\t\t\t\t\t\t<p>Simplifiez votre quotidien gr\u00e2ce \u00e0 un service de conciergerie d\u00e9di\u00e9 \u00e0 votre v\u00e9hicule. Prise en charge, entretien, gestion et suivi : nous nous occupons de tout avec rigueur et discr\u00e9tion.<\/p>\t\t\t\t\t\t\t\t<\/div>\n\t\t\t\t<\/div>\n\t\t<div class=\"elementor-element elementor-element-ddfe2a9 e-con-full e-flex e-con e-child\" data-id=\"ddfe2a9\" data-element_type=\"container\" data-settings=\"{&quot;background_background&quot;:&quot;classic&quot;}\">\n\t\t\t\t<\/div>\n\t\t\t\t<\/div>\n\t\t\t\t<\/div>\n\t\t\t\t\t<\/div>\n\t\t\t\t<\/div>\n\t\t\t\t<\/div>\n\t\t","protected":false},"excerpt":{"rendered":"<p>Conciergerie automobile Nous contacter +200 clients accompagn\u00e9s Conciergerie automobile Simplifiez votre quotidien gr\u00e2ce \u00e0 un service de conciergerie d\u00e9di\u00e9 \u00e0 votre v\u00e9hicule. Prise en charge, entretien, gestion et suivi : nous nous occupons de tout avec rigueur et discr\u00e9tion.<\/p>\n","protected":false},"author":1,"featured_media":0,"parent":0,"menu_order":0,"comment_status":"closed","ping_status":"closed","template":"","meta":{"footnotes":""},"class_list":["post-292","page","type-page","status-publish","hentry"],"_links":{"self":[{"href":"https:\/\/concept-carrosserie.com\/index.php\/wp-json\/wp\/v2\/pages\/292","targetHints":{"allow":["GET"]}}],"collection":[{"href":"https:\/\/concept-carrosserie.com\/index.php\/wp-json\/wp\/v2\/pages"}],"about":[{"href":"https:\/\/concept-carrosserie.com\/index.php\/wp-json\/wp\/v2\/types\/page"}],"author":[{"embeddable":true,"href":"https:\/\/concept-carrosserie.com\/index.php\/wp-json\/wp\/v2\/users\/1"}],"replies":[{"embeddable":true,"href":"https:\/\/concept-carrosserie.com\/index.php\/wp-json\/wp\/v2\/comments?post=292"}],"version-history":[{"count":19,"href":"https:\/\/concept-carrosserie.com\/index.php\/wp-json\/wp\/v2\/pages\/292\/revisions"}],"predecessor-version":[{"id":410,"href":"https:\/\/concept-carrosserie.com\/index.php\/wp-json\/wp\/v2\/pages\/292\/revisions\/410"}],"wp:attachment":[{"href":"https:\/\/concept-carrosserie.com\/index.php\/wp-json\/wp\/v2\/media?parent=292"}],"curies":[{"name":"wp","href":"https:\/\/api.w.org\/{rel}","templated":true}]}}