{"id":282,"date":"2026-04-15T08:53:21","date_gmt":"2026-04-15T08:53:21","guid":{"rendered":"https:\/\/concept-carrosserie.com\/?page_id=282"},"modified":"2026-04-15T10:11:11","modified_gmt":"2026-04-15T10:11:11","slug":"parking-securite","status":"publish","type":"page","link":"https:\/\/concept-carrosserie.com\/index.php\/parking-securite\/","title":{"rendered":"Parking &#038; s\u00e9curit\u00e9"},"content":{"rendered":"\t\t<div data-elementor-type=\"wp-page\" data-elementor-id=\"282\" class=\"elementor elementor-282\" data-elementor-post-type=\"page\">\n\t\t\t\t<div class=\"elementor-element elementor-element-b8e653f e-flex e-con-boxed e-con e-parent\" data-id=\"b8e653f\" data-element_type=\"container\" data-settings=\"{&quot;background_background&quot;:&quot;classic&quot;}\">\n\t\t\t\t\t<div class=\"e-con-inner\">\n\t\t<div class=\"elementor-element elementor-element-a3ee52f e-con-full e-flex e-con e-child\" data-id=\"a3ee52f\" data-element_type=\"container\">\n\t\t\t\t<div class=\"elementor-element elementor-element-eb2b61f elementor-widget__width-initial elementor-invisible elementor-widget elementor-widget-heading\" data-id=\"eb2b61f\" data-element_type=\"widget\" data-settings=\"{&quot;_animation_delay&quot;:250,&quot;_animation&quot;:&quot;fadeInUp&quot;}\" data-widget_type=\"heading.default\">\n\t\t\t\t\t<h1 class=\"elementor-heading-title elementor-size-default\">Parking &amp; s\u00e9curit\u00e9<\/h1>\t\t\t\t<\/div>\n\t\t<div class=\"elementor-element elementor-element-604393d e-con-full e-flex elementor-invisible e-con e-child\" data-id=\"604393d\" data-element_type=\"container\" data-settings=\"{&quot;animation_delay&quot;:750,&quot;animation&quot;:&quot;fadeInUp&quot;}\">\n\t\t\t\t<div class=\"elementor-element elementor-element-931daa4 elementor-widget elementor-widget-button\" data-id=\"931daa4\" data-element_type=\"widget\" data-widget_type=\"button.default\">\n\t\t\t\t\t\t\t\t\t\t<a class=\"elementor-button elementor-button-link elementor-size-sm\" href=\"https:\/\/concept-carrosserie.com\/index.php\/contact\/\">\n\t\t\t\t\t\t<span class=\"elementor-button-content-wrapper\">\n\t\t\t\t\t\t<span class=\"elementor-button-icon\">\n\t\t\t\t<svg aria-hidden=\"true\" class=\"e-font-icon-svg e-fas-angle-right\" viewBox=\"0 0 256 512\" xmlns=\"http:\/\/www.w3.org\/2000\/svg\"><path d=\"M224.3 273l-136 136c-9.4 9.4-24.6 9.4-33.9 0l-22.6-22.6c-9.4-9.4-9.4-24.6 0-33.9l96.4-96.4-96.4-96.4c-9.4-9.4-9.4-24.6 0-33.9L54.3 103c9.4-9.4 24.6-9.4 33.9 0l136 136c9.5 9.4 9.5 24.6.1 34z\"><\/path><\/svg>\t\t\t<\/span>\n\t\t\t\t\t\t\t\t\t<span class=\"elementor-button-text\">Nous contacter<\/span>\n\t\t\t\t\t<\/span>\n\t\t\t\t\t<\/a>\n\t\t\t\t\t\t\t\t<\/div>\n\t\t\t\t<\/div>\n\t\t\t\t<div class=\"elementor-element elementor-element-58a039b ui-e-layout_5 elementor-widget__width-initial ui-e-h-align-center elementor-widget-mobile__width-inherit elementor-invisible elementor-widget elementor-widget-uicore-testimonial-grid\" data-id=\"58a039b\" data-element_type=\"widget\" data-settings=\"{&quot;layout&quot;:&quot;layout_5&quot;,&quot;_animation_delay&quot;:1000,&quot;_animation&quot;:&quot;fadeInUp&quot;}\" data-widget_type=\"uicore-testimonial-grid.default\">\n\t\t\t\t\t        <div class=\"ui-e-grid \">\n                            \n        <div class=\"ui-e-wrp swiper-slide\">\n                            <div class=\"ui-e-animations-wrp  \">\n                                <div class=\"ui-e-item\">\n                            <div class=\"ui-e-testimonial-flex\">\n            <div class=\"ui-e-content\">\n\n                                            <div class=\"ui-e-testimonial-rating \">\n                                        <div class=\"ui-e-icon\">\n                            <svg aria-hidden=\"true\" class=\"e-font-icon-svg e-fas-star\" viewBox=\"0 0 576 512\" xmlns=\"http:\/\/www.w3.org\/2000\/svg\"><path d=\"M259.3 17.8L194 150.2 47.9 171.5c-26.2 3.8-36.7 36.1-17.7 54.6l105.7 103-25 145.5c-4.5 26.3 23.2 46 46.4 33.7L288 439.6l130.7 68.7c23.2 12.2 50.9-7.4 46.4-33.7l-25-145.5 105.7-103c19-18.5 8.5-50.8-17.7-54.6L382 150.2 316.7 17.8c-11.7-23.6-45.6-23.9-57.4 0z\"><\/path><\/svg>                        <\/div>\n                                            <div class=\"ui-e-icon\">\n                            <svg aria-hidden=\"true\" class=\"e-font-icon-svg e-fas-star\" viewBox=\"0 0 576 512\" xmlns=\"http:\/\/www.w3.org\/2000\/svg\"><path d=\"M259.3 17.8L194 150.2 47.9 171.5c-26.2 3.8-36.7 36.1-17.7 54.6l105.7 103-25 145.5c-4.5 26.3 23.2 46 46.4 33.7L288 439.6l130.7 68.7c23.2 12.2 50.9-7.4 46.4-33.7l-25-145.5 105.7-103c19-18.5 8.5-50.8-17.7-54.6L382 150.2 316.7 17.8c-11.7-23.6-45.6-23.9-57.4 0z\"><\/path><\/svg>                        <\/div>\n                                            <div class=\"ui-e-icon\">\n                            <svg aria-hidden=\"true\" class=\"e-font-icon-svg e-fas-star\" viewBox=\"0 0 576 512\" xmlns=\"http:\/\/www.w3.org\/2000\/svg\"><path d=\"M259.3 17.8L194 150.2 47.9 171.5c-26.2 3.8-36.7 36.1-17.7 54.6l105.7 103-25 145.5c-4.5 26.3 23.2 46 46.4 33.7L288 439.6l130.7 68.7c23.2 12.2 50.9-7.4 46.4-33.7l-25-145.5 105.7-103c19-18.5 8.5-50.8-17.7-54.6L382 150.2 316.7 17.8c-11.7-23.6-45.6-23.9-57.4 0z\"><\/path><\/svg>                        <\/div>\n                                            <div class=\"ui-e-icon\">\n                            <svg aria-hidden=\"true\" class=\"e-font-icon-svg e-fas-star\" viewBox=\"0 0 576 512\" xmlns=\"http:\/\/www.w3.org\/2000\/svg\"><path d=\"M259.3 17.8L194 150.2 47.9 171.5c-26.2 3.8-36.7 36.1-17.7 54.6l105.7 103-25 145.5c-4.5 26.3 23.2 46 46.4 33.7L288 439.6l130.7 68.7c23.2 12.2 50.9-7.4 46.4-33.7l-25-145.5 105.7-103c19-18.5 8.5-50.8-17.7-54.6L382 150.2 316.7 17.8c-11.7-23.6-45.6-23.9-57.4 0z\"><\/path><\/svg>                        <\/div>\n                                            <div class=\"ui-e-icon\">\n                            <svg aria-hidden=\"true\" class=\"e-font-icon-svg e-fas-star\" viewBox=\"0 0 576 512\" xmlns=\"http:\/\/www.w3.org\/2000\/svg\"><path d=\"M259.3 17.8L194 150.2 47.9 171.5c-26.2 3.8-36.7 36.1-17.7 54.6l105.7 103-25 145.5c-4.5 26.3 23.2 46 46.4 33.7L288 439.6l130.7 68.7c23.2 12.2 50.9-7.4 46.4-33.7l-25-145.5 105.7-103c19-18.5 8.5-50.8-17.7-54.6L382 150.2 316.7 17.8c-11.7-23.6-45.6-23.9-57.4 0z\"><\/path><\/svg>                        <\/div>\n                                <\/div>\n                            <h4 class=\"ui-e-testimonial-name \">\n                <span>+200 clients accompagn\u00e9s<\/span>\n            <\/h4>\n                                    <\/div>\n                    <\/div>\n                    <\/div>\n                                <\/div>\n                    <\/div>\n                        <\/div>\n\t\t\t\t<\/div>\n\t\t\t\t<\/div>\n\t\t\t\t\t<\/div>\n\t\t\t\t<\/div>\n\t\t<div class=\"elementor-element elementor-element-6b539e4 e-flex e-con-boxed e-con e-parent\" data-id=\"6b539e4\" data-element_type=\"container\">\n\t\t\t\t\t<div class=\"e-con-inner\">\n\t\t<div class=\"elementor-element elementor-element-f1930d0 e-con-full e-flex e-con e-child\" data-id=\"f1930d0\" data-element_type=\"container\" data-settings=\"{&quot;background_background&quot;:&quot;classic&quot;}\">\n\t\t<div class=\"elementor-element elementor-element-cd95e96 e-con-full e-flex e-con e-child\" data-id=\"cd95e96\" data-element_type=\"container\">\n\t\t<div class=\"elementor-element elementor-element-eda2f4e e-con-full e-flex e-con e-child\" data-id=\"eda2f4e\" data-element_type=\"container\">\n\t\t\t\t<div class=\"elementor-element elementor-element-06f046d elementor-widget elementor-widget-heading\" data-id=\"06f046d\" data-element_type=\"widget\" data-widget_type=\"heading.default\">\n\t\t\t\t\t<h3 class=\"elementor-heading-title elementor-size-default\">Parking &amp; s\u00e9curit\u00e9<\/h3>\t\t\t\t<\/div>\n\t\t\t\t<div class=\"elementor-element elementor-element-56418ba elementor-widget elementor-widget-text-editor\" data-id=\"56418ba\" data-element_type=\"widget\" data-widget_type=\"text-editor.default\">\n\t\t\t\t\t\t\t\t\t<p>Stationnez votre v\u00e9hicule en toute s\u00e9r\u00e9nit\u00e9 gr\u00e2ce \u00e0 des solutions de parking s\u00e9curis\u00e9es et surveill\u00e9es. Acc\u00e8s contr\u00f4l\u00e9, protection renforc\u00e9e et environnement fiable garantissent une tranquillit\u00e9 totale.<\/p>\t\t\t\t\t\t\t\t<\/div>\n\t\t\t\t<\/div>\n\t\t<div class=\"elementor-element elementor-element-8e0e488 e-con-full e-flex e-con e-child\" data-id=\"8e0e488\" data-element_type=\"container\" data-settings=\"{&quot;background_background&quot;:&quot;classic&quot;}\">\n\t\t\t\t<\/div>\n\t\t\t\t<\/div>\n\t\t\t\t<\/div>\n\t\t\t\t\t<\/div>\n\t\t\t\t<\/div>\n\t\t\t\t<\/div>\n\t\t","protected":false},"excerpt":{"rendered":"<p>Parking &amp; s\u00e9curit\u00e9 Nous contacter +200 clients accompagn\u00e9s Parking &amp; s\u00e9curit\u00e9 Stationnez votre v\u00e9hicule en toute s\u00e9r\u00e9nit\u00e9 gr\u00e2ce \u00e0 des solutions de parking s\u00e9curis\u00e9es et surveill\u00e9es. Acc\u00e8s contr\u00f4l\u00e9, protection renforc\u00e9e et environnement fiable garantissent une tranquillit\u00e9 totale.<\/p>\n","protected":false},"author":1,"featured_media":0,"parent":0,"menu_order":0,"comment_status":"closed","ping_status":"closed","template":"","meta":{"footnotes":""},"class_list":["post-282","page","type-page","status-publish","hentry"],"_links":{"self":[{"href":"https:\/\/concept-carrosserie.com\/index.php\/wp-json\/wp\/v2\/pages\/282","targetHints":{"allow":["GET"]}}],"collection":[{"href":"https:\/\/concept-carrosserie.com\/index.php\/wp-json\/wp\/v2\/pages"}],"about":[{"href":"https:\/\/concept-carrosserie.com\/index.php\/wp-json\/wp\/v2\/types\/page"}],"author":[{"embeddable":true,"href":"https:\/\/concept-carrosserie.com\/index.php\/wp-json\/wp\/v2\/users\/1"}],"replies":[{"embeddable":true,"href":"https:\/\/concept-carrosserie.com\/index.php\/wp-json\/wp\/v2\/comments?post=282"}],"version-history":[{"count":13,"href":"https:\/\/concept-carrosserie.com\/index.php\/wp-json\/wp\/v2\/pages\/282\/revisions"}],"predecessor-version":[{"id":413,"href":"https:\/\/concept-carrosserie.com\/index.php\/wp-json\/wp\/v2\/pages\/282\/revisions\/413"}],"wp:attachment":[{"href":"https:\/\/concept-carrosserie.com\/index.php\/wp-json\/wp\/v2\/media?parent=282"}],"curies":[{"name":"wp","href":"https:\/\/api.w.org\/{rel}","templated":true}]}}