{"id":188,"date":"2026-01-19T16:54:44","date_gmt":"2026-01-19T16:54:44","guid":{"rendered":"https:\/\/concept-carrosserie.com\/?page_id=188"},"modified":"2026-01-19T16:59:07","modified_gmt":"2026-01-19T16:59:07","slug":"realisation","status":"publish","type":"page","link":"https:\/\/concept-carrosserie.com\/index.php\/realisation\/","title":{"rendered":"r\u00e9alisation"},"content":{"rendered":"\t\t<div data-elementor-type=\"wp-page\" data-elementor-id=\"188\" class=\"elementor elementor-188\" data-elementor-post-type=\"page\">\n\t\t\t\t<div class=\"elementor-element elementor-element-edbc078 e-flex e-con-boxed e-con e-parent\" data-id=\"edbc078\" data-element_type=\"container\" data-settings=\"{&quot;background_background&quot;:&quot;classic&quot;}\">\n\t\t\t\t\t<div class=\"e-con-inner\">\n\t\t<div class=\"elementor-element elementor-element-468526e e-con-full e-flex e-con e-child\" data-id=\"468526e\" data-element_type=\"container\">\n\t\t\t\t<div class=\"elementor-element elementor-element-39985b2 elementor-widget__width-initial elementor-invisible elementor-widget elementor-widget-heading\" data-id=\"39985b2\" data-element_type=\"widget\" data-settings=\"{&quot;_animation_delay&quot;:250,&quot;_animation&quot;:&quot;fadeInUp&quot;}\" data-widget_type=\"heading.default\">\n\t\t\t\t\t<h1 class=\"elementor-heading-title elementor-size-default\">Nos r\u00e9alisations<\/h1>\t\t\t\t<\/div>\n\t\t\t\t<div class=\"elementor-element elementor-element-663fea3 elementor-widget__width-initial elementor-invisible elementor-widget elementor-widget-text-editor\" data-id=\"663fea3\" data-element_type=\"widget\" data-settings=\"{&quot;_animation_delay&quot;:500,&quot;_animation&quot;:&quot;fadeInUp&quot;}\" data-widget_type=\"text-editor.default\">\n\t\t\t\t\t\t\t\t\t<p>Que vous souhaitiez un entretien complet, une restauration minutieuse ou une personnalisation unique, Confidentiel Automotive met \u00e0 votre disposition une gamme de prestations haut de gamme.<\/p>\t\t\t\t\t\t\t\t<\/div>\n\t\t<div class=\"elementor-element elementor-element-e654d37 e-con-full e-flex elementor-invisible e-con e-child\" data-id=\"e654d37\" data-element_type=\"container\" data-settings=\"{&quot;animation_delay&quot;:750,&quot;animation&quot;:&quot;fadeInUp&quot;}\">\n\t\t\t\t<div class=\"elementor-element elementor-element-4adc559 elementor-widget elementor-widget-button\" data-id=\"4adc559\" data-element_type=\"widget\" data-widget_type=\"button.default\">\n\t\t\t\t\t\t\t\t\t\t<a class=\"elementor-button elementor-button-link elementor-size-sm\" href=\"#\">\n\t\t\t\t\t\t<span class=\"elementor-button-content-wrapper\">\n\t\t\t\t\t\t<span class=\"elementor-button-icon\">\n\t\t\t\t<svg aria-hidden=\"true\" class=\"e-font-icon-svg e-fas-angle-right\" viewBox=\"0 0 256 512\" xmlns=\"http:\/\/www.w3.org\/2000\/svg\"><path d=\"M224.3 273l-136 136c-9.4 9.4-24.6 9.4-33.9 0l-22.6-22.6c-9.4-9.4-9.4-24.6 0-33.9l96.4-96.4-96.4-96.4c-9.4-9.4-9.4-24.6 0-33.9L54.3 103c9.4-9.4 24.6-9.4 33.9 0l136 136c9.5 9.4 9.5 24.6.1 34z\"><\/path><\/svg>\t\t\t<\/span>\n\t\t\t\t\t\t\t\t\t<span class=\"elementor-button-text\">Nous contacter<\/span>\n\t\t\t\t\t<\/span>\n\t\t\t\t\t<\/a>\n\t\t\t\t\t\t\t\t<\/div>\n\t\t\t\t<\/div>\n\t\t\t\t<div class=\"elementor-element elementor-element-1c26976 ui-e-layout_5 elementor-widget__width-initial ui-e-h-align-center elementor-widget-mobile__width-inherit elementor-invisible elementor-widget elementor-widget-uicore-testimonial-grid\" data-id=\"1c26976\" data-element_type=\"widget\" data-settings=\"{&quot;layout&quot;:&quot;layout_5&quot;,&quot;_animation_delay&quot;:1000,&quot;_animation&quot;:&quot;fadeInUp&quot;}\" data-widget_type=\"uicore-testimonial-grid.default\">\n\t\t\t\t\t        <div class=\"ui-e-grid \">\n                            \n        <div class=\"ui-e-wrp swiper-slide\">\n                            <div class=\"ui-e-animations-wrp  \">\n                                <div class=\"ui-e-item\">\n                            <div class=\"ui-e-testimonial-flex\">\n            <div class=\"ui-e-content\">\n\n                                            <div class=\"ui-e-testimonial-rating \">\n                                        <div class=\"ui-e-icon\">\n                            <svg aria-hidden=\"true\" class=\"e-font-icon-svg e-fas-star\" viewBox=\"0 0 576 512\" xmlns=\"http:\/\/www.w3.org\/2000\/svg\"><path d=\"M259.3 17.8L194 150.2 47.9 171.5c-26.2 3.8-36.7 36.1-17.7 54.6l105.7 103-25 145.5c-4.5 26.3 23.2 46 46.4 33.7L288 439.6l130.7 68.7c23.2 12.2 50.9-7.4 46.4-33.7l-25-145.5 105.7-103c19-18.5 8.5-50.8-17.7-54.6L382 150.2 316.7 17.8c-11.7-23.6-45.6-23.9-57.4 0z\"><\/path><\/svg>                        <\/div>\n                                            <div class=\"ui-e-icon\">\n                            <svg aria-hidden=\"true\" class=\"e-font-icon-svg e-fas-star\" viewBox=\"0 0 576 512\" xmlns=\"http:\/\/www.w3.org\/2000\/svg\"><path d=\"M259.3 17.8L194 150.2 47.9 171.5c-26.2 3.8-36.7 36.1-17.7 54.6l105.7 103-25 145.5c-4.5 26.3 23.2 46 46.4 33.7L288 439.6l130.7 68.7c23.2 12.2 50.9-7.4 46.4-33.7l-25-145.5 105.7-103c19-18.5 8.5-50.8-17.7-54.6L382 150.2 316.7 17.8c-11.7-23.6-45.6-23.9-57.4 0z\"><\/path><\/svg>                        <\/div>\n                                            <div class=\"ui-e-icon\">\n                            <svg aria-hidden=\"true\" class=\"e-font-icon-svg e-fas-star\" viewBox=\"0 0 576 512\" xmlns=\"http:\/\/www.w3.org\/2000\/svg\"><path d=\"M259.3 17.8L194 150.2 47.9 171.5c-26.2 3.8-36.7 36.1-17.7 54.6l105.7 103-25 145.5c-4.5 26.3 23.2 46 46.4 33.7L288 439.6l130.7 68.7c23.2 12.2 50.9-7.4 46.4-33.7l-25-145.5 105.7-103c19-18.5 8.5-50.8-17.7-54.6L382 150.2 316.7 17.8c-11.7-23.6-45.6-23.9-57.4 0z\"><\/path><\/svg>                        <\/div>\n                                            <div class=\"ui-e-icon\">\n                            <svg aria-hidden=\"true\" class=\"e-font-icon-svg e-fas-star\" viewBox=\"0 0 576 512\" xmlns=\"http:\/\/www.w3.org\/2000\/svg\"><path d=\"M259.3 17.8L194 150.2 47.9 171.5c-26.2 3.8-36.7 36.1-17.7 54.6l105.7 103-25 145.5c-4.5 26.3 23.2 46 46.4 33.7L288 439.6l130.7 68.7c23.2 12.2 50.9-7.4 46.4-33.7l-25-145.5 105.7-103c19-18.5 8.5-50.8-17.7-54.6L382 150.2 316.7 17.8c-11.7-23.6-45.6-23.9-57.4 0z\"><\/path><\/svg>                        <\/div>\n                                            <div class=\"ui-e-icon\">\n                            <svg aria-hidden=\"true\" class=\"e-font-icon-svg e-fas-star\" viewBox=\"0 0 576 512\" xmlns=\"http:\/\/www.w3.org\/2000\/svg\"><path d=\"M259.3 17.8L194 150.2 47.9 171.5c-26.2 3.8-36.7 36.1-17.7 54.6l105.7 103-25 145.5c-4.5 26.3 23.2 46 46.4 33.7L288 439.6l130.7 68.7c23.2 12.2 50.9-7.4 46.4-33.7l-25-145.5 105.7-103c19-18.5 8.5-50.8-17.7-54.6L382 150.2 316.7 17.8c-11.7-23.6-45.6-23.9-57.4 0z\"><\/path><\/svg>                        <\/div>\n                                <\/div>\n                            <h4 class=\"ui-e-testimonial-name \">\n                <span>+200 clients accompagn\u00e9s<\/span>\n            <\/h4>\n                                    <\/div>\n                    <\/div>\n                    <\/div>\n                                <\/div>\n                    <\/div>\n                        <\/div>\n\t\t\t\t<\/div>\n\t\t\t\t<\/div>\n\t\t\t\t\t<\/div>\n\t\t\t\t<\/div>\n\t\t<div class=\"elementor-element elementor-element-5f99db9 e-flex e-con-boxed e-con e-parent\" data-id=\"5f99db9\" data-element_type=\"container\">\n\t\t\t\t\t<div class=\"e-con-inner\">\n\t\t<div class=\"elementor-element elementor-element-e95fb51 e-con-full e-flex e-con e-child\" data-id=\"e95fb51\" data-element_type=\"container\">\n\t\t\t\t<div class=\"elementor-element elementor-element-1a5ee37 ui-e-tabs-mobile elementor-widget elementor-widget-uicore-tabs\" data-id=\"1a5ee37\" data-element_type=\"widget\" data-widget_type=\"uicore-tabs.default\">\n\t\t\t\t<div class=\"elementor-widget-container\">\n\t\t\t\t\t        <div class=\"ui-e-tabs\" data-widget-number=\"276\" aria-label=\"Tabs. Open items with Enter or Space, close with Escape and navigate using the Arrow keys.\">\n            <div class=\"ui-e-tabs-heading\" role=\"tablist\">\n                        <button id=\"ui-e-tab-title-2761\" class=\"ui-e-tab-title  \" aria-selected=\"true\" data-tab-index=\"1\" role=\"tab\" tabindex=\"0\" aria-controls=\"ui-e-tab-content-2761\" style=\"--ui-e-tabs-order: 1;\">\n                        <div class=\"ui-e-tab-texts\">\n\n                                    <span> Parking &amp; S\u00e9curit\u00e9 <\/span>\n                \n                \n            <\/div>\n        <\/button>\n            <button id=\"ui-e-tab-title-2762\" class=\"ui-e-tab-title  \" aria-selected=\"false\" data-tab-index=\"2\" role=\"tab\" tabindex=\"-1\" aria-controls=\"ui-e-tab-content-2762\" style=\"--ui-e-tabs-order: 2;\">\n                        <div class=\"ui-e-tab-texts\">\n\n                                    <span> Concierge automobile <\/span>\n                \n                \n            <\/div>\n        <\/button>\n            <button id=\"ui-e-tab-title-2763\" class=\"ui-e-tab-title  \" aria-selected=\"false\" data-tab-index=\"3\" role=\"tab\" tabindex=\"-1\" aria-controls=\"ui-e-tab-content-2763\" style=\"--ui-e-tabs-order: 3;\">\n                        <div class=\"ui-e-tab-texts\">\n\n                                    <span> Carrosserie &amp; Restauration <\/span>\n                \n                \n            <\/div>\n        <\/button>\n            <button id=\"ui-e-tab-title-2764\" class=\"ui-e-tab-title  \" aria-selected=\"false\" data-tab-index=\"4\" role=\"tab\" tabindex=\"-1\" aria-controls=\"ui-e-tab-content-2764\" style=\"--ui-e-tabs-order: 4;\">\n                        <div class=\"ui-e-tab-texts\">\n\n                                    <span> Detailing &amp; protection <\/span>\n                \n                \n            <\/div>\n        <\/button>\n                <\/div>\n            <div class=\"ui-e-tabs-content\">\n                <div id=\"ui-e-tab-content-2761\" role=\"tabpanel\" aria-labelledby=\"ui-e-tab-title-2761\" data-tab-index=\"1\" style=\"--ui-e-tabs-order: 1;\" class=\"e-active elementor-element elementor-element-2c14d46 e-con-full e-flex e-con e-child\" data-id=\"2c14d46\" data-element_type=\"container\">\n\t\t<div class=\"elementor-element elementor-element-96b7967 e-flex e-con-boxed e-con e-child\" data-id=\"96b7967\" data-element_type=\"container\">\n\t\t\t\t\t<div class=\"e-con-inner\">\n\t\t<div class=\"elementor-element elementor-element-d811d2d e-con-full e-flex e-con e-child\" data-id=\"d811d2d\" data-element_type=\"container\">\n\t\t\t\t<div class=\"elementor-element elementor-element-c0d1fd1 elementor-widget elementor-widget-heading\" data-id=\"c0d1fd1\" data-element_type=\"widget\" data-widget_type=\"heading.default\">\n\t\t\t\t\t<h3 class=\"elementor-heading-title elementor-size-default\">Protection et surveillance haut de gamme<\/h3>\t\t\t\t<\/div>\n\t\t\t\t<div class=\"elementor-element elementor-element-75cab4d ui-e-icon-left ui-e-left elementor-align-left elementor-widget elementor-widget-uicore-icon-list\" data-id=\"75cab4d\" data-element_type=\"widget\" data-widget_type=\"uicore-icon-list.default\">\n\t\t\t\t\t        <ul>\n                            <li >\n\n                    <div class=\"ui-e-wrap\">\n                    \n                    \n                    <div class=\"ui-e-content\">\n                        <span class=\"ui-e-title\">\n                            Espaces de stationnement s\u00e9curis\u00e9s avec surveillance avanc\u00e9e                        <\/span>\n                        <p class=\"ui-e-text\">  <\/p>\n                    <\/div>\n\n                                            <div class=\"ui-e-icon\">\n                            <i aria-hidden=\"true\" class=\"lu lu-circle-check-big\"><\/i>                        <\/div>\n                    \n                    <\/div>\n                <\/li>\n                            <li >\n\n                    <div class=\"ui-e-wrap\">\n                    \n                    \n                    <div class=\"ui-e-content\">\n                        <span class=\"ui-e-title\">\n                            Contr\u00f4le d\u2019acc\u00e8s strict pour assurer la tranquillit\u00e9                        <\/span>\n                        <p class=\"ui-e-text\">  <\/p>\n                    <\/div>\n\n                                            <div class=\"ui-e-icon\">\n                            <i aria-hidden=\"true\" class=\"lu lu-circle-check-big\"><\/i>                        <\/div>\n                    \n                    <\/div>\n                <\/li>\n                            <li >\n\n                    <div class=\"ui-e-wrap\">\n                    \n                    \n                    <div class=\"ui-e-content\">\n                        <span class=\"ui-e-title\">\n                            Protection 24h\/24 pour vos v\u00e9hicules de prestige.                        <\/span>\n                        <p class=\"ui-e-text\">  <\/p>\n                    <\/div>\n\n                                            <div class=\"ui-e-icon\">\n                            <i aria-hidden=\"true\" class=\"lu lu-circle-check-big\"><\/i>                        <\/div>\n                    \n                    <\/div>\n                <\/li>\n                    <\/ul>\n\t\t\t\t<\/div>\n\t\t\t\t<\/div>\n\t\t<div class=\"elementor-element elementor-element-5b4d99d e-con-full e-flex e-con e-child\" data-id=\"5b4d99d\" data-element_type=\"container\" data-settings=\"{&quot;background_background&quot;:&quot;classic&quot;}\">\n\t\t\t\t<\/div>\n\t\t\t\t\t<\/div>\n\t\t\t\t<\/div>\n\t\t\t\t<\/div>\n\t\t<div id=\"ui-e-tab-content-2762\" role=\"tabpanel\" aria-labelledby=\"ui-e-tab-title-2762\" data-tab-index=\"2\" style=\"--ui-e-tabs-order: 2;\" class=\" elementor-element elementor-element-02b8405 e-con-full e-flex e-con e-child\" data-id=\"02b8405\" data-element_type=\"container\">\n\t\t<div class=\"elementor-element elementor-element-734a125 e-flex e-con-boxed e-con e-child\" data-id=\"734a125\" data-element_type=\"container\">\n\t\t\t\t\t<div class=\"e-con-inner\">\n\t\t<div class=\"elementor-element elementor-element-ac378fb e-con-full e-flex e-con e-child\" data-id=\"ac378fb\" data-element_type=\"container\">\n\t\t\t\t<div class=\"elementor-element elementor-element-45149f3 elementor-widget elementor-widget-heading\" data-id=\"45149f3\" data-element_type=\"widget\" data-widget_type=\"heading.default\">\n\t\t\t\t\t<h3 class=\"elementor-heading-title elementor-size-default\">Gestion automobile sur mesure<\/h3>\t\t\t\t<\/div>\n\t\t\t\t<div class=\"elementor-element elementor-element-e620fc1 ui-e-icon-left ui-e-left elementor-align-left elementor-widget elementor-widget-uicore-icon-list\" data-id=\"e620fc1\" data-element_type=\"widget\" data-widget_type=\"uicore-icon-list.default\">\n\t\t\t\t\t        <ul>\n                            <li >\n\n                    <div class=\"ui-e-wrap\">\n                    \n                    \n                    <div class=\"ui-e-content\">\n                        <span class=\"ui-e-title\">\n                            Prise en charge compl\u00e8te de votre v\u00e9hicule (rendez-vous, suivi d\u2019entretien, transport, etc.)                        <\/span>\n                        <p class=\"ui-e-text\">  <\/p>\n                    <\/div>\n\n                                            <div class=\"ui-e-icon\">\n                            <i aria-hidden=\"true\" class=\"lu lu-circle-check-big\"><\/i>                        <\/div>\n                    \n                    <\/div>\n                <\/li>\n                            <li >\n\n                    <div class=\"ui-e-wrap\">\n                    \n                    \n                    <div class=\"ui-e-content\">\n                        <span class=\"ui-e-title\">\n                            Flexibilit\u00e9 et discr\u00e9tion adapt\u00e9es \u00e0 votre emploi du temps                        <\/span>\n                        <p class=\"ui-e-text\">  <\/p>\n                    <\/div>\n\n                                            <div class=\"ui-e-icon\">\n                            <i aria-hidden=\"true\" class=\"lu lu-circle-check-big\"><\/i>                        <\/div>\n                    \n                    <\/div>\n                <\/li>\n                            <li >\n\n                    <div class=\"ui-e-wrap\">\n                    \n                    \n                    <div class=\"ui-e-content\">\n                        <span class=\"ui-e-title\">\n                            Gain de temps assur\u00e9 : nous nous occupons de tout pour vous.                        <\/span>\n                        <p class=\"ui-e-text\">  <\/p>\n                    <\/div>\n\n                                            <div class=\"ui-e-icon\">\n                            <i aria-hidden=\"true\" class=\"lu lu-circle-check-big\"><\/i>                        <\/div>\n                    \n                    <\/div>\n                <\/li>\n                    <\/ul>\n\t\t\t\t<\/div>\n\t\t\t\t<\/div>\n\t\t<div class=\"elementor-element elementor-element-a1d9ba0 e-con-full e-flex e-con e-child\" data-id=\"a1d9ba0\" data-element_type=\"container\" data-settings=\"{&quot;background_background&quot;:&quot;classic&quot;}\">\n\t\t\t\t<\/div>\n\t\t\t\t\t<\/div>\n\t\t\t\t<\/div>\n\t\t\t\t<\/div>\n\t\t<div id=\"ui-e-tab-content-2763\" role=\"tabpanel\" aria-labelledby=\"ui-e-tab-title-2763\" data-tab-index=\"3\" style=\"--ui-e-tabs-order: 3;\" class=\" elementor-element elementor-element-ada6f1d e-con-full e-flex e-con e-child\" data-id=\"ada6f1d\" data-element_type=\"container\">\n\t\t<div class=\"elementor-element elementor-element-0d11fe0 e-flex e-con-boxed e-con e-child\" data-id=\"0d11fe0\" data-element_type=\"container\">\n\t\t\t\t\t<div class=\"e-con-inner\">\n\t\t<div class=\"elementor-element elementor-element-b888643 e-con-full e-flex e-con e-child\" data-id=\"b888643\" data-element_type=\"container\">\n\t\t\t\t<div class=\"elementor-element elementor-element-ae42703 elementor-widget elementor-widget-heading\" data-id=\"ae42703\" data-element_type=\"widget\" data-widget_type=\"heading.default\">\n\t\t\t\t\t<h3 class=\"elementor-heading-title elementor-size-default\">Expertise carrosserie haut de gamme<\/h3>\t\t\t\t<\/div>\n\t\t\t\t<div class=\"elementor-element elementor-element-374f484 ui-e-icon-left ui-e-left elementor-align-left elementor-widget elementor-widget-uicore-icon-list\" data-id=\"374f484\" data-element_type=\"widget\" data-widget_type=\"uicore-icon-list.default\">\n\t\t\t\t\t        <ul>\n                            <li >\n\n                    <div class=\"ui-e-wrap\">\n                    \n                    \n                    <div class=\"ui-e-content\">\n                        <span class=\"ui-e-title\">\n                            R\u00e9parations de pr\u00e9cision pour toutes les imperfections                        <\/span>\n                        <p class=\"ui-e-text\">  <\/p>\n                    <\/div>\n\n                                            <div class=\"ui-e-icon\">\n                            <i aria-hidden=\"true\" class=\"lu lu-circle-check-big\"><\/i>                        <\/div>\n                    \n                    <\/div>\n                <\/li>\n                            <li >\n\n                    <div class=\"ui-e-wrap\">\n                    \n                    \n                    <div class=\"ui-e-content\">\n                        <span class=\"ui-e-title\">\n                            R\u00e9novation compl\u00e8te ou cibl\u00e9e de carrosseries                        <\/span>\n                        <p class=\"ui-e-text\">  <\/p>\n                    <\/div>\n\n                                            <div class=\"ui-e-icon\">\n                            <i aria-hidden=\"true\" class=\"lu lu-circle-check-big\"><\/i>                        <\/div>\n                    \n                    <\/div>\n                <\/li>\n                            <li >\n\n                    <div class=\"ui-e-wrap\">\n                    \n                    \n                    <div class=\"ui-e-content\">\n                        <span class=\"ui-e-title\">\n                            Peinture sur mesure avec choix de finitions raffin\u00e9es.                        <\/span>\n                        <p class=\"ui-e-text\">  <\/p>\n                    <\/div>\n\n                                            <div class=\"ui-e-icon\">\n                            <i aria-hidden=\"true\" class=\"lu lu-circle-check-big\"><\/i>                        <\/div>\n                    \n                    <\/div>\n                <\/li>\n                    <\/ul>\n\t\t\t\t<\/div>\n\t\t\t\t<\/div>\n\t\t<div class=\"elementor-element elementor-element-6e9ec5e e-con-full e-flex e-con e-child\" data-id=\"6e9ec5e\" data-element_type=\"container\" data-settings=\"{&quot;background_background&quot;:&quot;classic&quot;}\">\n\t\t\t\t<\/div>\n\t\t\t\t\t<\/div>\n\t\t\t\t<\/div>\n\t\t\t\t<\/div>\n\t\t<div id=\"ui-e-tab-content-2764\" role=\"tabpanel\" aria-labelledby=\"ui-e-tab-title-2764\" data-tab-index=\"4\" style=\"--ui-e-tabs-order: 4;\" class=\" elementor-element elementor-element-4e83082 e-con-full e-flex e-con e-child\" data-id=\"4e83082\" data-element_type=\"container\">\n\t\t<div class=\"elementor-element elementor-element-e594538 e-flex e-con-boxed e-con e-child\" data-id=\"e594538\" data-element_type=\"container\">\n\t\t\t\t\t<div class=\"e-con-inner\">\n\t\t<div class=\"elementor-element elementor-element-e196669 e-con-full e-flex e-con e-child\" data-id=\"e196669\" data-element_type=\"container\">\n\t\t\t\t<div class=\"elementor-element elementor-element-79d9d4f elementor-widget elementor-widget-heading\" data-id=\"79d9d4f\" data-element_type=\"widget\" data-widget_type=\"heading.default\">\n\t\t\t\t\t<h3 class=\"elementor-heading-title elementor-size-default\">Soins esth\u00e9tiques et protection automobile<\/h3>\t\t\t\t<\/div>\n\t\t\t\t<div class=\"elementor-element elementor-element-b4a4da5 ui-e-icon-left ui-e-left elementor-align-left elementor-widget elementor-widget-uicore-icon-list\" data-id=\"b4a4da5\" data-element_type=\"widget\" data-widget_type=\"uicore-icon-list.default\">\n\t\t\t\t\t        <ul>\n                            <li >\n\n                    <div class=\"ui-e-wrap\">\n                    \n                    \n                    <div class=\"ui-e-content\">\n                        <span class=\"ui-e-title\">\n                            Nettoyage approfondi int\u00e9rieur et ext\u00e9rieur                        <\/span>\n                        <p class=\"ui-e-text\">  <\/p>\n                    <\/div>\n\n                                            <div class=\"ui-e-icon\">\n                            <i aria-hidden=\"true\" class=\"lu lu-circle-check-big\"><\/i>                        <\/div>\n                    \n                    <\/div>\n                <\/li>\n                            <li >\n\n                    <div class=\"ui-e-wrap\">\n                    \n                    \n                    <div class=\"ui-e-content\">\n                        <span class=\"ui-e-title\">\n                            Polissage professionnel et traitements protecteurs (c\u00e9ramique, cire)                        <\/span>\n                        <p class=\"ui-e-text\">  <\/p>\n                    <\/div>\n\n                                            <div class=\"ui-e-icon\">\n                            <i aria-hidden=\"true\" class=\"lu lu-circle-check-big\"><\/i>                        <\/div>\n                    \n                    <\/div>\n                <\/li>\n                            <li >\n\n                    <div class=\"ui-e-wrap\">\n                    \n                    \n                    <div class=\"ui-e-content\">\n                        <span class=\"ui-e-title\">\n                            Finitions impeccables jusqu\u2019aux moindres d\u00e9tails (jantes, chromes, habitacle).                        <\/span>\n                        <p class=\"ui-e-text\">  <\/p>\n                    <\/div>\n\n                                            <div class=\"ui-e-icon\">\n                            <i aria-hidden=\"true\" class=\"lu lu-circle-check-big\"><\/i>                        <\/div>\n                    \n                    <\/div>\n                <\/li>\n                    <\/ul>\n\t\t\t\t<\/div>\n\t\t\t\t<\/div>\n\t\t<div class=\"elementor-element elementor-element-a69378d e-con-full e-flex e-con e-child\" data-id=\"a69378d\" data-element_type=\"container\" data-settings=\"{&quot;background_background&quot;:&quot;classic&quot;}\">\n\t\t\t\t<\/div>\n\t\t\t\t\t<\/div>\n\t\t\t\t<\/div>\n\t\t\t\t<\/div>\n\t\t            <\/div>\n        <\/div>\n    \t\t\t\t<\/div>\n\t\t\t\t<\/div>\n\t\t\t\t<\/div>\n\t\t\t\t\t<\/div>\n\t\t\t\t<\/div>\n\t\t\t\t<\/div>\n\t\t","protected":false},"excerpt":{"rendered":"<p>Nos r\u00e9alisations Que vous souhaitiez un entretien complet, une restauration minutieuse ou une personnalisation unique, Confidentiel Automotive met \u00e0 votre disposition une gamme de prestations haut de gamme. Nous contacter +200 clients accompagn\u00e9s Parking &amp; S\u00e9curit\u00e9 Concierge automobile Carrosserie &amp; Restauration Detailing &amp; protection Protection et surveillance haut de gamme Espaces de stationnement s\u00e9curis\u00e9s avec [&hellip;]<\/p>\n","protected":false},"author":1,"featured_media":0,"parent":0,"menu_order":0,"comment_status":"closed","ping_status":"closed","template":"","meta":{"footnotes":""},"class_list":["post-188","page","type-page","status-publish","hentry"],"_links":{"self":[{"href":"https:\/\/concept-carrosserie.com\/index.php\/wp-json\/wp\/v2\/pages\/188","targetHints":{"allow":["GET"]}}],"collection":[{"href":"https:\/\/concept-carrosserie.com\/index.php\/wp-json\/wp\/v2\/pages"}],"about":[{"href":"https:\/\/concept-carrosserie.com\/index.php\/wp-json\/wp\/v2\/types\/page"}],"author":[{"embeddable":true,"href":"https:\/\/concept-carrosserie.com\/index.php\/wp-json\/wp\/v2\/users\/1"}],"replies":[{"embeddable":true,"href":"https:\/\/concept-carrosserie.com\/index.php\/wp-json\/wp\/v2\/comments?post=188"}],"version-history":[{"count":7,"href":"https:\/\/concept-carrosserie.com\/index.php\/wp-json\/wp\/v2\/pages\/188\/revisions"}],"predecessor-version":[{"id":199,"href":"https:\/\/concept-carrosserie.com\/index.php\/wp-json\/wp\/v2\/pages\/188\/revisions\/199"}],"wp:attachment":[{"href":"https:\/\/concept-carrosserie.com\/index.php\/wp-json\/wp\/v2\/media?parent=188"}],"curies":[{"name":"wp","href":"https:\/\/api.w.org\/{rel}","templated":true}]}}