{"id":141,"date":"2026-01-10T18:13:21","date_gmt":"2026-01-10T18:13:21","guid":{"rendered":"https:\/\/concept-carrosserie.com\/?page_id=141"},"modified":"2026-01-10T18:16:50","modified_gmt":"2026-01-10T18:16:50","slug":"mentions-legale","status":"publish","type":"page","link":"https:\/\/concept-carrosserie.com\/index.php\/mentions-legale\/","title":{"rendered":"Mentions l\u00e9gale"},"content":{"rendered":"\t\t<div data-elementor-type=\"wp-page\" data-elementor-id=\"141\" class=\"elementor elementor-141\" data-elementor-post-type=\"page\">\n\t\t\t\t<div class=\"elementor-element elementor-element-2ac0366 e-flex e-con-boxed e-con e-parent\" data-id=\"2ac0366\" data-element_type=\"container\">\n\t\t\t\t\t<div class=\"e-con-inner\">\n\t\t\t\t\t<\/div>\n\t\t\t\t<\/div>\n\t\t<div class=\"elementor-element elementor-element-eb6a61f e-flex e-con-boxed e-con e-parent\" data-id=\"eb6a61f\" data-element_type=\"container\">\n\t\t\t\t\t<div class=\"e-con-inner\">\n\t\t\t\t<div class=\"elementor-element elementor-element-cf34a34 elementor-widget elementor-widget-heading\" data-id=\"cf34a34\" data-element_type=\"widget\" data-widget_type=\"heading.default\">\n\t\t\t\t\t<h2 class=\"elementor-heading-title elementor-size-default\">Mentions l\u00e9gales<\/h2>\t\t\t\t<\/div>\n\t\t\t\t<div class=\"elementor-element elementor-element-0cffa49 elementor-widget elementor-widget-text-editor\" data-id=\"0cffa49\" data-element_type=\"widget\" data-widget_type=\"text-editor.default\">\n\t\t\t\t\t\t\t\t\t<h3 data-start=\"315\" data-end=\"338\"><strong data-start=\"319\" data-end=\"338\">\u00c9diteur du site<\/strong><\/h3><p data-start=\"339\" data-end=\"379\">Le pr\u00e9sent site Internet est \u00e9dit\u00e9 par : <strong data-start=\"777\" data-end=\"797\">M. Rudy Marcelli<\/strong><\/p><p data-start=\"381\" data-end=\"739\"><strong data-start=\"381\" data-end=\"404\">CONCEPT CARROSSERIE<\/strong><br data-start=\"404\" data-end=\"407\" \/>Forme juridique : <strong data-start=\"425\" data-end=\"465\">Soci\u00e9t\u00e9 par Actions Simplifi\u00e9e (SAS)<\/strong><br data-start=\"465\" data-end=\"468\" \/>Capital social : <strong data-start=\"485\" data-end=\"496\">1 500 \u20ac<\/strong><br data-start=\"496\" data-end=\"499\" \/>Si\u00e8ge social : <strong data-start=\"514\" data-end=\"559\">7 All\u00e9e Albeniz, 13008 Marseille (France)<\/strong><br data-start=\"559\" data-end=\"562\" \/>Num\u00e9ro RCS : <strong data-start=\"575\" data-end=\"607\">988 276 879 R.C.S. Marseille<\/strong><br data-start=\"607\" data-end=\"610\" \/>Num\u00e9ro SIRET : <strong data-start=\"625\" data-end=\"646\">988 276 879 00018<\/strong><br data-start=\"646\" data-end=\"649\" \/>Num\u00e9ro de TVA intracommunautaire : <strong data-start=\"684\" data-end=\"701\">FR41988276879<\/strong><\/p><p data-start=\"741\" data-end=\"879\">Responsables l\u00e9gaux :<br data-start=\"762\" data-end=\"765\" \/>Pr\u00e9sident : <strong data-start=\"777\" data-end=\"797\">M. Rudy Marcelli<\/strong><br data-start=\"797\" data-end=\"800\" \/>Directeur g\u00e9n\u00e9ral : <strong data-start=\"820\" data-end=\"841\">M. Thomas Levaast<\/strong><\/p><p data-start=\"881\" data-end=\"1020\">Activit\u00e9 principale :<br data-start=\"902\" data-end=\"905\" \/>Entretien et r\u00e9paration de v\u00e9hicules automobiles l\u00e9gers et services associ\u00e9s.<\/p><hr data-start=\"1022\" data-end=\"1025\" \/><h3 data-start=\"1027\" data-end=\"1052\"><strong data-start=\"1031\" data-end=\"1052\">H\u00e9bergeur du site<\/strong><\/h3><p data-start=\"1053\" data-end=\"1078\">Le site est h\u00e9berg\u00e9 par :<\/p><p data-start=\"1080\" data-end=\"1148\"><strong data-start=\"1080\" data-end=\"1087\">OVH<\/strong><br data-start=\"1087\" data-end=\"1090\" \/>Si\u00e8ge social :<br data-start=\"1104\" data-end=\"1107\" \/>2 Rue Kellermann<br data-start=\"1123\" data-end=\"1126\" \/>59100 Roubaix<br data-start=\"1139\" data-end=\"1142\" \/>France<\/p><p data-start=\"1150\" data-end=\"1215\">T\u00e9l\u00e9phone : +33 (0)9 72 10 10 07<br data-start=\"1182\" data-end=\"1185\" \/>Site web : <a class=\"decorated-link\" href=\"https:\/\/www.ovh.com\" target=\"_new\" rel=\"noopener\" data-start=\"1196\" data-end=\"1215\">https:\/\/www.ovh.com<\/a><\/p><hr data-start=\"1217\" data-end=\"1220\" \/><h3 data-start=\"1222\" data-end=\"1257\"><strong data-start=\"1226\" data-end=\"1257\">Directeur de la publication<\/strong><\/h3><p data-start=\"1258\" data-end=\"1449\">Le Directeur de la publication est la personne l\u00e9galement responsable de la publication du contenu du site :<br data-start=\"1366\" data-end=\"1369\" \/><strong data-start=\"1369\" data-end=\"1449\">M. Rudy Marcelli, en qualit\u00e9 de Pr\u00e9sident de la soci\u00e9t\u00e9 CONCEPT CARROSSERIE.<\/strong><\/p><hr data-start=\"1451\" data-end=\"1454\" \/><h3 data-start=\"1456\" data-end=\"1488\"><strong data-start=\"1460\" data-end=\"1488\">Propri\u00e9t\u00e9 intellectuelle<\/strong><\/h3><p data-start=\"1489\" data-end=\"1731\">L\u2019ensemble des \u00e9l\u00e9ments publi\u00e9s sur ce site (textes, visuels, logos, marques, etc.) est prot\u00e9g\u00e9 par le droit de la propri\u00e9t\u00e9 intellectuelle. Toute reproduction, diffusion ou utilisation non autoris\u00e9e de ces \u00e9l\u00e9ments est strictement interdite.<\/p><hr data-start=\"1733\" data-end=\"1736\" \/><h3 data-start=\"1738\" data-end=\"1766\"><strong data-start=\"1742\" data-end=\"1766\">Donn\u00e9es personnelles<\/strong><\/h3><p data-start=\"1767\" data-end=\"2198\">Les informations personnelles \u00e9ventuellement recueillies via les formulaires du site sont utilis\u00e9es exclusivement pour r\u00e9pondre \u00e0 vos demandes. Elles ne sont pas communiqu\u00e9es \u00e0 des tiers sans votre consentement. Conform\u00e9ment au R\u00e8glement G\u00e9n\u00e9ral sur la Protection des Donn\u00e9es (RGPD), vous disposez d\u2019un droit d\u2019acc\u00e8s, de rectification et de suppression de vos donn\u00e9es. Pour l\u2019exercer, contactez <a href=\"mailto:contact@concept-carrosserie.com\">\u00a0contact@concept-carrosserie.com<\/a><\/p><hr data-start=\"2200\" data-end=\"2203\" \/><h3 data-start=\"2205\" data-end=\"2220\"><strong data-start=\"2209\" data-end=\"2220\">Cookies<\/strong><\/h3><p data-start=\"2221\" data-end=\"2412\">Ce site peut utiliser des cookies pour am\u00e9liorer l\u2019exp\u00e9rience utilisateur ou mesurer l\u2019audience. Vous pouvez configurer votre navigateur pour refuser les cookies ou \u00eatre averti de leur d\u00e9p\u00f4t.<\/p><hr data-start=\"2414\" data-end=\"2417\" \/><h3 data-start=\"2419\" data-end=\"2441\"><strong data-start=\"2423\" data-end=\"2441\">Responsabilit\u00e9<\/strong><\/h3><p data-start=\"2442\" data-end=\"2687\">Les informations pr\u00e9sentes sur ce site sont fournies \u00e0 titre indicatif. Concept Carrosserie ne peut garantir l\u2019exhaustivit\u00e9, l\u2019exactitude ou l\u2019actualit\u00e9 des donn\u00e9es publi\u00e9es. La soci\u00e9t\u00e9 d\u00e9cline toute responsabilit\u00e9 en cas d\u2019erreur ou d\u2019omission.<\/p>\t\t\t\t\t\t\t\t<\/div>\n\t\t\t\t\t<\/div>\n\t\t\t\t<\/div>\n\t\t\t\t<\/div>\n\t\t","protected":false},"excerpt":{"rendered":"<p>Mentions l\u00e9gales \u00c9diteur du site Le pr\u00e9sent site Internet est \u00e9dit\u00e9 par : M. Rudy Marcelli CONCEPT CARROSSERIEForme juridique : Soci\u00e9t\u00e9 par Actions Simplifi\u00e9e (SAS)Capital social : 1 500 \u20acSi\u00e8ge social : 7 All\u00e9e Albeniz, 13008 Marseille (France)Num\u00e9ro RCS : 988 276 879 R.C.S. MarseilleNum\u00e9ro SIRET : 988 276 879 00018Num\u00e9ro de TVA intracommunautaire : [&hellip;]<\/p>\n","protected":false},"author":1,"featured_media":0,"parent":0,"menu_order":0,"comment_status":"closed","ping_status":"closed","template":"","meta":{"footnotes":""},"class_list":["post-141","page","type-page","status-publish","hentry"],"_links":{"self":[{"href":"https:\/\/concept-carrosserie.com\/index.php\/wp-json\/wp\/v2\/pages\/141","targetHints":{"allow":["GET"]}}],"collection":[{"href":"https:\/\/concept-carrosserie.com\/index.php\/wp-json\/wp\/v2\/pages"}],"about":[{"href":"https:\/\/concept-carrosserie.com\/index.php\/wp-json\/wp\/v2\/types\/page"}],"author":[{"embeddable":true,"href":"https:\/\/concept-carrosserie.com\/index.php\/wp-json\/wp\/v2\/users\/1"}],"replies":[{"embeddable":true,"href":"https:\/\/concept-carrosserie.com\/index.php\/wp-json\/wp\/v2\/comments?post=141"}],"version-history":[{"count":7,"href":"https:\/\/concept-carrosserie.com\/index.php\/wp-json\/wp\/v2\/pages\/141\/revisions"}],"predecessor-version":[{"id":148,"href":"https:\/\/concept-carrosserie.com\/index.php\/wp-json\/wp\/v2\/pages\/141\/revisions\/148"}],"wp:attachment":[{"href":"https:\/\/concept-carrosserie.com\/index.php\/wp-json\/wp\/v2\/media?parent=141"}],"curies":[{"name":"wp","href":"https:\/\/api.w.org\/{rel}","templated":true}]}}